{"id":1003,"date":"2018-11-06T16:55:39","date_gmt":"2018-11-06T15:55:39","guid":{"rendered":"http:\/\/smartpro.understoodworkspace.de\/impressum\/"},"modified":"2025-03-20T16:16:53","modified_gmt":"2025-03-20T15:16:53","slug":"imprint","status":"publish","type":"page","link":"https:\/\/smart-pro.org\/en\/imprint\/","title":{"rendered":"Imprint"},"content":{"rendered":"<p>[et_pb_section fb_built=&#8221;1&#8243; _builder_version=&#8221;4.16&#8243; background_color=&#8221;#dbe0f2&#8243; background_image=&#8221;https:\/\/smart-pro.org\/en\/wp-content\/uploads\/sites\/2\/2018\/11\/square-layer-4.png&#8221; background_size=&#8221;initial&#8221; background_position=&#8221;center_right&#8221; global_colors_info=&#8221;{}&#8221;][et_pb_row column_structure=&#8221;2_3,1_3&#8243; _builder_version=&#8221;4.16&#8243; global_colors_info=&#8221;{}&#8221;][et_pb_column type=&#8221;2_3&#8243; _builder_version=&#8221;4.16&#8243; custom_padding=&#8221;|||&#8221; global_colors_info=&#8221;{}&#8221; custom_padding__hover=&#8221;|||&#8221;][et_pb_text _builder_version=&#8221;4.16&#8243; text_line_height=&#8221;2em&#8221; header_font_size=&#8221;44px&#8221; header_line_height=&#8221;2em&#8221; header_2_line_height=&#8221;2em&#8221; header_3_line_height=&#8221;2em&#8221; custom_margin=&#8221;||-25px|&#8221; global_colors_info=&#8221;{}&#8221;]<\/p>\n<h1 class=\"contentr-headline-h2-paragraph blue\">IMPRESSUM<\/h1>\n<p>[\/et_pb_text][\/et_pb_column][et_pb_column type=&#8221;1_3&#8243; _builder_version=&#8221;4.16&#8243; custom_padding=&#8221;|||&#8221; global_colors_info=&#8221;{}&#8221; custom_padding__hover=&#8221;|||&#8221;][\/et_pb_column][\/et_pb_row][\/et_pb_section][et_pb_section fb_built=&#8221;1&#8243; _builder_version=&#8221;4.16&#8243; global_colors_info=&#8221;{}&#8221;][et_pb_row column_structure=&#8221;1_4,3_4&#8243; module_class=&#8221; et_pb_row_fullwidth&#8221; _builder_version=&#8221;4.16&#8243; width=&#8221;89%&#8221; width_tablet=&#8221;80%&#8221; width_phone=&#8221;&#8221; width_last_edited=&#8221;on|desktop&#8221; max_width=&#8221;89%&#8221; max_width_tablet=&#8221;80%&#8221; max_width_phone=&#8221;&#8221; max_width_last_edited=&#8221;on|desktop&#8221; make_fullwidth=&#8221;on&#8221; global_colors_info=&#8221;{}&#8221;][et_pb_column type=&#8221;1_4&#8243; _builder_version=&#8221;4.16&#8243; custom_padding=&#8221;|||&#8221; global_colors_info=&#8221;{}&#8221; custom_padding__hover=&#8221;|||&#8221;][et_pb_text _builder_version=&#8221;4.25.1&#8243; hover_enabled=&#8221;0&#8243; global_colors_info=&#8221;{}&#8221; sticky_enabled=&#8221;0&#8243;]<\/p>\n<p><strong>Hochschule Aalen &#8211; Technik, Wirtschaft und Gesundheit<\/strong><br \/>Beethovenstra\u00dfe 1<br \/>73430 Aalen<\/p>\n<p>Tel.: +49 7361 576-0<br \/>Fax.: +49 7361 576-2250<\/p>\n<p><a href=\"mailto:info@hs-aalen.de\" target=\"_blank\" rel=\"noopener noreferrer\">info@hs-aalen.de<\/a><br \/><a href=\"https:\/\/www.hs-aalen.de\" target=\"_blank\" rel=\"noopener noreferrer\">hs-aalen.de<\/a><\/p>\n<p>[\/et_pb_text][\/et_pb_column][et_pb_column type=&#8221;3_4&#8243; _builder_version=&#8221;4.16&#8243; custom_padding=&#8221;|||&#8221; global_colors_info=&#8221;{}&#8221; custom_padding__hover=&#8221;|||&#8221;][et_pb_text _builder_version=&#8221;4.16&#8243; text_font=&#8221;||||||||&#8221; global_colors_info=&#8221;{}&#8221;]Die Hochschule Aalen ist eine K\u00f6rperschaft des \u00d6ffentlichen Rechts.<br \/>\nSie wird durch den Rektor Professor Dr. Gerhard Schneider gesetzlich vertreten.<\/p>\n<p>USt-ID Nr. DE153480801<br \/>\n<span style=\"font-size: 18px\">Steuer-Nr. 50077 08 203<\/span><\/p>\n<p><span style=\"font-size: 18px\"><strong>Zust\u00e4ndige Aufsichtsbeh\u00f6rde<\/strong><br \/>\n<\/span><span style=\"font-size: 18px\">Ministerium f\u00fcr Wissenschaft, Forschung und Kunst K\u00f6nigstra\u00dfe 46<br \/>\n<\/span>70173 Stuttgart<\/p>\n<p><strong>Haftungshinweis<\/strong><br \/>\nTrotz sorgf\u00e4ltiger inhaltlicher Kontrolle wird f\u00fcr die Inhalte externer Links keine Haftung \u00fcbernommen.<br \/>\nF\u00fcr den Inhalt der verlinkten Seiten ist ausschlie\u00dflich deren Betreiber verantwortlich.<\/p>\n<p><a class=\"media-item fancybox.iframe document-link ui-draggable\" rel=\"11426 noopener noreferrer\" target=\"_blank\" data-title=\"Haftungsausschluss der Hochschule Aalen (hs-aalen.de)\" href=\"https:\/\/www.hs-aalen.de\/uploads\/mediapool\/media\/file\/7671\/Haftungsausschluss.pdf\" style=\"font-size: 18px\">HAFTUNGSAUSSCHLUSS DER HOCHSCHULE AALEN (HS-AALEN.DE) (0.04 MB)<\/a><\/p>\n<p><span style=\"font-size: 18px\"><strong>Bildnachweis<br \/>\n<\/strong><\/span>Copyright Thomas Klink &amp; Sven D\u00f6ring<br \/>\nInfografiken:\u00a0<span>ANDREAS STIHL AG &amp; Co. KG, <\/span><span>Franke GmbH<\/span><span>,<\/span><span> Robert Bosch GmbH, TRUMPF Gruppe, Adobe Stock<\/span><\/p>\n<p><span><\/span><\/p>\n<p><span><strong>Konzeption, Gestaltung &amp; Programmierung<br \/>\n<\/strong><\/span><span><strong>understood: informationsdesign.\u00ae<\/strong><br \/>\nAnton-Huber-Stra\u00dfe 20<br \/>\nInnovationszentrum Aalen<br \/>\n73430 Aalen<\/span><\/p>\n<p><a href=\"mailto:infodesign@understood.biz\">infodesign@understood.biz<\/a><br \/>\n<a href=\"https:\/\/understood.biz\/\" target=\"_blank\" rel=\"noopener noreferrer\">www.understood.biz<\/a>[\/et_pb_text][\/et_pb_column][\/et_pb_row][\/et_pb_section][et_pb_section fb_built=&#8221;1&#8243; _builder_version=&#8221;4.16&#8243; background_color=&#8221;rgba(219,224,242,0.39)&#8221; background_image=&#8221;https:\/\/smart-pro.org\/en\/wp-content\/uploads\/sites\/2\/2018\/11\/square-layer-5.png&#8221; background_position=&#8221;top_left&#8221; global_module=&#8221;4755&#8243; saved_tabs=&#8221;all&#8221; global_colors_info=&#8221;{}&#8221;][et_pb_row column_structure=&#8221;2_3,1_3&#8243; module_class=&#8221; et_pb_row_fullwidth&#8221; _builder_version=&#8221;4.16&#8243; width=&#8221;89%&#8221; width_tablet=&#8221;80%&#8221; width_phone=&#8221;&#8221; width_last_edited=&#8221;on|desktop&#8221; max_width=&#8221;89%&#8221; max_width_tablet=&#8221;80%&#8221; max_width_phone=&#8221;&#8221; max_width_last_edited=&#8221;on|desktop&#8221; make_fullwidth=&#8221;on&#8221; custom_width_px=&#8221;1442px&#8221; global_colors_info=&#8221;{}&#8221;][et_pb_column type=&#8221;2_3&#8243; _builder_version=&#8221;4.16&#8243; custom_padding=&#8221;|||&#8221; global_colors_info=&#8221;{}&#8221; custom_padding__hover=&#8221;|||&#8221;][et_pb_text _builder_version=&#8221;4.20.2&#8243; text_text_color=&#8221;#000000&#8243; header_3_line_height=&#8221;1.4em&#8221; global_colors_info=&#8221;{}&#8221;]<\/p>\n<h4><a href=\"http:\/\/www.forschung-fachhochschulen.de\/massnahmen\/foerdermassnahme-fh-impuls\"><strong>Strong universities of applied sciences \u2013 catalysts for the region<\/strong><\/a><\/h4>\n<div class=\"et_pb_column et_pb_column_2_3 et_pb_column_14  et_pb_css_mix_blend_mode_passthrough\">\n<div class=\"et_pb_module et_pb_text et_pb_text_7  et_pb_text_align_left et_pb_bg_layout_light\">\n<div class=\"et_pb_text_inner\">With SmartPro, <a href=\"https:\/\/www.hs-aalen.de\/\" target=\"_blank\" rel=\"noopener noreferrer\">Aalen University of Applied Sciences<\/a> has positioned itself in the top group of universities of applied sciences in Germany. SmartPro is one of ten research networks funded through the &#8220;<a href=\"https:\/\/www.forschung-fachhochschulen.de\/fachhochschulen\/de\/massnahmen\/fh-impuls\/fh-impuls.html\">FH-Impuls<\/a>&#8221; program of the\u00a0<a href=\"https:\/\/www.bmbf.de\/bmbf\/en\">Federal Ministry of Education and Research<\/a> with approximately 10 million euros from 2017 until 2025. Core objectives of the &#8220;FH-Impuls&#8221; program include sustainably expanding regional transfer as well as strengthening the research profile and innovative power. SmartPro contributes to the advancement of climate protection and digitization, two key social challenges.<\/div>\n<\/div>\n<\/div>\n<p>[\/et_pb_text][\/et_pb_column][et_pb_column type=&#8221;1_3&#8243; _builder_version=&#8221;4.16&#8243; custom_padding=&#8221;|||&#8221; global_colors_info=&#8221;{}&#8221; custom_padding__hover=&#8221;|||&#8221;][et_pb_image src=&#8221;https:\/\/smart-pro.org\/en\/wp-content\/uploads\/sites\/2\/2018\/11\/image.png&#8221; url=&#8221;https:\/\/www.forschung-fachhochschulen.de\/&#8221; url_new_window=&#8221;on&#8221; align_tablet=&#8221;center&#8221; align_phone=&#8221;&#8221; align_last_edited=&#8221;on|desktop&#8221; _builder_version=&#8221;4.16&#8243; global_colors_info=&#8221;{}&#8221;][\/et_pb_image][\/et_pb_column][\/et_pb_row][\/et_pb_section]<\/p>\n","protected":false},"excerpt":{"rendered":"<p>IMPRESSUM Hochschule Aalen &#8211; Technik, Wirtschaft und GesundheitBeethovenstra\u00dfe 173430 Aalen Tel.: +49 7361 576-0Fax.: +49 7361 576-2250 info@hs-aalen.dehs-aalen.deDie Hochschule Aalen ist eine K\u00f6rperschaft des \u00d6ffentlichen Rechts. Sie wird durch den Rektor Professor Dr. Gerhard Schneider gesetzlich vertreten. USt-ID Nr. DE153480801 Steuer-Nr. 50077 08 203 Zust\u00e4ndige Aufsichtsbeh\u00f6rde Ministerium f\u00fcr Wissenschaft, Forschung und Kunst K\u00f6nigstra\u00dfe 46 70173 Stuttgart Haftungshinweis Trotz sorgf\u00e4ltiger inhaltlicher Kontrolle wird f\u00fcr die Inhalte externer Links keine Haftung \u00fcbernommen. F\u00fcr den Inhalt der verlinkten Seiten ist ausschlie\u00dflich deren Betreiber verantwortlich. HAFTUNGSAUSSCHLUSS DER HOCHSCHULE AALEN (HS-AALEN.DE) (0.04 MB) Bildnachweis Copyright Thomas Klink &amp; Sven D\u00f6ring Infografiken:\u00a0ANDREAS STIHL AG &amp; Co. KG, Franke GmbH, Robert Bosch GmbH, TRUMPF Gruppe, Adobe Stock Konzeption, Gestaltung &amp; Programmierung understood: informationsdesign.\u00ae Anton-Huber-Stra\u00dfe 20 Innovationszentrum Aalen 73430 Aalen infodesign@understood.biz www.understood.bizStrong universities of applied sciences \u2013 catalysts for the region With SmartPro, Aalen University of Applied Sciences has positioned itself in the top group of universities of applied sciences in Germany. SmartPro is one of ten research networks funded through the &#8220;FH-Impuls&#8221; program of the\u00a0Federal Ministry of Education and Research with approximately 10 million euros from 2017 until 2025. Core objectives of the &#8220;FH-Impuls&#8221; program include sustainably expanding regional transfer as well as strengthening the research profile [&hellip;]<\/p>\n","protected":false},"author":1,"featured_media":0,"parent":0,"menu_order":0,"comment_status":"closed","ping_status":"closed","template":"","meta":{"_acf_changed":false,"_et_pb_use_builder":"on","_et_pb_old_content":"","_et_gb_content_width":"","iawp_total_views":14,"footnotes":""},"class_list":["post-1003","page","type-page","status-publish","hentry"],"acf":[],"yoast_head":"<!-- This site is optimized with the Yoast SEO plugin v25.8 - https:\/\/yoast.com\/wordpress\/plugins\/seo\/ -->\n<title>Imprint - SmartPro \u2013 Key to Smart Products<\/title>\n<meta name=\"robots\" content=\"index, follow, max-snippet:-1, max-image-preview:large, max-video-preview:-1\" \/>\n<link rel=\"canonical\" href=\"https:\/\/smart-pro.org\/en\/imprint\/\" \/>\n<meta property=\"og:locale\" content=\"en_GB\" \/>\n<meta property=\"og:type\" content=\"article\" \/>\n<meta property=\"og:title\" content=\"Imprint - SmartPro \u2013 Key to Smart Products\" \/>\n<meta property=\"og:description\" content=\"IMPRESSUM Hochschule Aalen - Technik, Wirtschaft und GesundheitBeethovenstra\u00dfe 173430 Aalen Tel.: +49 7361 576-0Fax.: +49 7361 576-2250 info@hs-aalen.dehs-aalen.deDie Hochschule Aalen ist eine K\u00f6rperschaft des \u00d6ffentlichen Rechts. Sie wird durch den Rektor Professor Dr. Gerhard Schneider gesetzlich vertreten. USt-ID Nr. DE153480801 Steuer-Nr. 50077 08 203 Zust\u00e4ndige Aufsichtsbeh\u00f6rde Ministerium f\u00fcr Wissenschaft, Forschung und Kunst K\u00f6nigstra\u00dfe 46 70173 Stuttgart Haftungshinweis Trotz sorgf\u00e4ltiger inhaltlicher Kontrolle wird f\u00fcr die Inhalte externer Links keine Haftung \u00fcbernommen. F\u00fcr den Inhalt der verlinkten Seiten ist ausschlie\u00dflich deren Betreiber verantwortlich. HAFTUNGSAUSSCHLUSS DER HOCHSCHULE AALEN (HS-AALEN.DE) (0.04 MB) Bildnachweis Copyright Thomas Klink &amp; Sven D\u00f6ring Infografiken:\u00a0ANDREAS STIHL AG &amp; Co. KG, Franke GmbH, Robert Bosch GmbH, TRUMPF Gruppe, Adobe Stock Konzeption, Gestaltung &amp; Programmierung understood: informationsdesign.\u00ae Anton-Huber-Stra\u00dfe 20 Innovationszentrum Aalen 73430 Aalen infodesign@understood.biz www.understood.bizStrong universities of applied sciences \u2013 catalysts for the region With SmartPro, Aalen University of Applied Sciences has positioned itself in the top group of universities of applied sciences in Germany. SmartPro is one of ten research networks funded through the &quot;FH-Impuls&quot; program of the\u00a0Federal Ministry of Education and Research with approximately 10 million euros from 2017 until 2025. Core objectives of the &quot;FH-Impuls&quot; program include sustainably expanding regional transfer as well as strengthening the research profile [&hellip;]\" \/>\n<meta property=\"og:url\" content=\"https:\/\/smart-pro.org\/en\/imprint\/\" \/>\n<meta property=\"og:site_name\" content=\"SmartPro \u2013 Key to Smart Products\" \/>\n<meta property=\"article:modified_time\" content=\"2025-03-20T15:16:53+00:00\" \/>\n<meta name=\"twitter:card\" content=\"summary_large_image\" \/>\n<meta name=\"twitter:label1\" content=\"Estimated reading time\" \/>\n\t<meta name=\"twitter:data1\" content=\"2 minutes\" \/>\n<script type=\"application\/ld+json\" class=\"yoast-schema-graph\">{\"@context\":\"https:\/\/schema.org\",\"@graph\":[{\"@type\":\"WebPage\",\"@id\":\"https:\/\/smart-pro.org\/en\/imprint\/\",\"url\":\"https:\/\/smart-pro.org\/en\/imprint\/\",\"name\":\"Imprint - SmartPro \u2013 Key to Smart Products\",\"isPartOf\":{\"@id\":\"https:\/\/smart-pro.org\/en\/#website\"},\"datePublished\":\"2018-11-06T15:55:39+00:00\",\"dateModified\":\"2025-03-20T15:16:53+00:00\",\"breadcrumb\":{\"@id\":\"https:\/\/smart-pro.org\/en\/imprint\/#breadcrumb\"},\"inLanguage\":\"en-GB\",\"potentialAction\":[{\"@type\":\"ReadAction\",\"target\":[\"https:\/\/smart-pro.org\/en\/imprint\/\"]}]},{\"@type\":\"BreadcrumbList\",\"@id\":\"https:\/\/smart-pro.org\/en\/imprint\/#breadcrumb\",\"itemListElement\":[{\"@type\":\"ListItem\",\"position\":1,\"name\":\"Home\",\"item\":\"https:\/\/smart-pro.org\/en\/\"},{\"@type\":\"ListItem\",\"position\":2,\"name\":\"Imprint\"}]},{\"@type\":\"WebSite\",\"@id\":\"https:\/\/smart-pro.org\/en\/#website\",\"url\":\"https:\/\/smart-pro.org\/en\/\",\"name\":\"SmartPro \u2013 Key to Smart Products\",\"description\":\"Klimaschutz durch Energie- und Ressourceneffizienz\",\"potentialAction\":[{\"@type\":\"SearchAction\",\"target\":{\"@type\":\"EntryPoint\",\"urlTemplate\":\"https:\/\/smart-pro.org\/en\/?s={search_term_string}\"},\"query-input\":{\"@type\":\"PropertyValueSpecification\",\"valueRequired\":true,\"valueName\":\"search_term_string\"}}],\"inLanguage\":\"en-GB\"}]}<\/script>\n<!-- \/ Yoast SEO plugin. -->","yoast_head_json":{"title":"Imprint - SmartPro \u2013 Key to Smart Products","robots":{"index":"index","follow":"follow","max-snippet":"max-snippet:-1","max-image-preview":"max-image-preview:large","max-video-preview":"max-video-preview:-1"},"canonical":"https:\/\/smart-pro.org\/en\/imprint\/","og_locale":"en_GB","og_type":"article","og_title":"Imprint - SmartPro \u2013 Key to Smart Products","og_description":"IMPRESSUM Hochschule Aalen - Technik, Wirtschaft und GesundheitBeethovenstra\u00dfe 173430 Aalen Tel.: +49 7361 576-0Fax.: +49 7361 576-2250 info@hs-aalen.dehs-aalen.deDie Hochschule Aalen ist eine K\u00f6rperschaft des \u00d6ffentlichen Rechts. Sie wird durch den Rektor Professor Dr. Gerhard Schneider gesetzlich vertreten. USt-ID Nr. DE153480801 Steuer-Nr. 50077 08 203 Zust\u00e4ndige Aufsichtsbeh\u00f6rde Ministerium f\u00fcr Wissenschaft, Forschung und Kunst K\u00f6nigstra\u00dfe 46 70173 Stuttgart Haftungshinweis Trotz sorgf\u00e4ltiger inhaltlicher Kontrolle wird f\u00fcr die Inhalte externer Links keine Haftung \u00fcbernommen. F\u00fcr den Inhalt der verlinkten Seiten ist ausschlie\u00dflich deren Betreiber verantwortlich. HAFTUNGSAUSSCHLUSS DER HOCHSCHULE AALEN (HS-AALEN.DE) (0.04 MB) Bildnachweis Copyright Thomas Klink &amp; Sven D\u00f6ring Infografiken:\u00a0ANDREAS STIHL AG &amp; Co. KG, Franke GmbH, Robert Bosch GmbH, TRUMPF Gruppe, Adobe Stock Konzeption, Gestaltung &amp; Programmierung understood: informationsdesign.\u00ae Anton-Huber-Stra\u00dfe 20 Innovationszentrum Aalen 73430 Aalen infodesign@understood.biz www.understood.bizStrong universities of applied sciences \u2013 catalysts for the region With SmartPro, Aalen University of Applied Sciences has positioned itself in the top group of universities of applied sciences in Germany. SmartPro is one of ten research networks funded through the \"FH-Impuls\" program of the\u00a0Federal Ministry of Education and Research with approximately 10 million euros from 2017 until 2025. Core objectives of the \"FH-Impuls\" program include sustainably expanding regional transfer as well as strengthening the research profile [&hellip;]","og_url":"https:\/\/smart-pro.org\/en\/imprint\/","og_site_name":"SmartPro \u2013 Key to Smart Products","article_modified_time":"2025-03-20T15:16:53+00:00","twitter_card":"summary_large_image","twitter_misc":{"Estimated reading time":"2 minutes"},"schema":{"@context":"https:\/\/schema.org","@graph":[{"@type":"WebPage","@id":"https:\/\/smart-pro.org\/en\/imprint\/","url":"https:\/\/smart-pro.org\/en\/imprint\/","name":"Imprint - SmartPro \u2013 Key to Smart Products","isPartOf":{"@id":"https:\/\/smart-pro.org\/en\/#website"},"datePublished":"2018-11-06T15:55:39+00:00","dateModified":"2025-03-20T15:16:53+00:00","breadcrumb":{"@id":"https:\/\/smart-pro.org\/en\/imprint\/#breadcrumb"},"inLanguage":"en-GB","potentialAction":[{"@type":"ReadAction","target":["https:\/\/smart-pro.org\/en\/imprint\/"]}]},{"@type":"BreadcrumbList","@id":"https:\/\/smart-pro.org\/en\/imprint\/#breadcrumb","itemListElement":[{"@type":"ListItem","position":1,"name":"Home","item":"https:\/\/smart-pro.org\/en\/"},{"@type":"ListItem","position":2,"name":"Imprint"}]},{"@type":"WebSite","@id":"https:\/\/smart-pro.org\/en\/#website","url":"https:\/\/smart-pro.org\/en\/","name":"SmartPro \u2013 Key to Smart Products","description":"Klimaschutz durch Energie- und Ressourceneffizienz","potentialAction":[{"@type":"SearchAction","target":{"@type":"EntryPoint","urlTemplate":"https:\/\/smart-pro.org\/en\/?s={search_term_string}"},"query-input":{"@type":"PropertyValueSpecification","valueRequired":true,"valueName":"search_term_string"}}],"inLanguage":"en-GB"}]}},"_links":{"self":[{"href":"https:\/\/smart-pro.org\/en\/wp-json\/wp\/v2\/pages\/1003","targetHints":{"allow":["GET"]}}],"collection":[{"href":"https:\/\/smart-pro.org\/en\/wp-json\/wp\/v2\/pages"}],"about":[{"href":"https:\/\/smart-pro.org\/en\/wp-json\/wp\/v2\/types\/page"}],"author":[{"embeddable":true,"href":"https:\/\/smart-pro.org\/en\/wp-json\/wp\/v2\/users\/1"}],"replies":[{"embeddable":true,"href":"https:\/\/smart-pro.org\/en\/wp-json\/wp\/v2\/comments?post=1003"}],"version-history":[{"count":8,"href":"https:\/\/smart-pro.org\/en\/wp-json\/wp\/v2\/pages\/1003\/revisions"}],"predecessor-version":[{"id":11725,"href":"https:\/\/smart-pro.org\/en\/wp-json\/wp\/v2\/pages\/1003\/revisions\/11725"}],"wp:attachment":[{"href":"https:\/\/smart-pro.org\/en\/wp-json\/wp\/v2\/media?parent=1003"}],"curies":[{"name":"wp","href":"https:\/\/api.w.org\/{rel}","templated":true}]}}